{"id":17066,"date":"2025-02-09T13:00:08","date_gmt":"2025-02-09T10:00:08","guid":{"rendered":"https:\/\/alaaelabasy.com\/?post_type=product&#038;p=17066"},"modified":"2025-10-19T18:30:54","modified_gmt":"2025-10-19T15:30:54","slug":"homecoming","status":"publish","type":"product","link":"https:\/\/alaaelabasy.com\/en\/magaza\/homecoming\/","title":{"rendered":"Homecoming"},"content":{"rendered":"<table style=\"border-collapse: collapse; width: 563.02pt;\" border=\"0\" width=\"563\" cellspacing=\"0\" cellpadding=\"0\">\n<tbody>\n<tr style=\"height: 16.80pt;\">\n<td style=\"height: 16.80pt; width: 563.90pt;\" width=\"563\" height=\"16\">5.77 gram. Alt\u0131n Kaplama G\u00fcm\u00fc\u015f. Bak\u0131m: Krem, Parf\u00fcm, Alkol, \u00c7ama\u015f\u0131r Suyu, \u015eampuan, Deniz Suyu Gibi Maddeler \u0130le Temas\u0131ndan Ka\u00e7\u0131n\u0131lmal\u0131d\u0131r<\/td>\n<\/tr>\n<\/tbody>\n<\/table>","protected":false},"excerpt":{"rendered":"<p>5.77 gram. Alt\u0131n Kaplama G\u00fcm\u00fc\u015f. Bak\u0131m: Krem, Parf\u00fcm, Alkol, \u00c7ama\u015f\u0131r Suyu, \u015eampuan, Deniz Suyu Gibi Maddeler \u0130le Temas\u0131ndan Ka\u00e7\u0131n\u0131lmal\u0131d\u0131r<\/p>","protected":false},"featured_media":17068,"comment_status":"open","ping_status":"closed","template":"","meta":[],"product_brand":[],"product_cat":[20],"product_tag":[],"class_list":{"0":"post-17066","1":"product","2":"type-product","3":"status-publish","4":"has-post-thumbnail","6":"product_cat-kupe","8":"first","9":"instock","10":"taxable","11":"shipping-taxable","12":"purchasable","13":"product-type-simple"},"_links":{"self":[{"href":"https:\/\/alaaelabasy.com\/en\/wp-json\/wp\/v2\/product\/17066","targetHints":{"allow":["GET"]}}],"collection":[{"href":"https:\/\/alaaelabasy.com\/en\/wp-json\/wp\/v2\/product"}],"about":[{"href":"https:\/\/alaaelabasy.com\/en\/wp-json\/wp\/v2\/types\/product"}],"replies":[{"embeddable":true,"href":"https:\/\/alaaelabasy.com\/en\/wp-json\/wp\/v2\/comments?post=17066"}],"version-history":[{"count":1,"href":"https:\/\/alaaelabasy.com\/en\/wp-json\/wp\/v2\/product\/17066\/revisions"}],"predecessor-version":[{"id":17069,"href":"https:\/\/alaaelabasy.com\/en\/wp-json\/wp\/v2\/product\/17066\/revisions\/17069"}],"wp:featuredmedia":[{"embeddable":true,"href":"https:\/\/alaaelabasy.com\/en\/wp-json\/wp\/v2\/media\/17068"}],"wp:attachment":[{"href":"https:\/\/alaaelabasy.com\/en\/wp-json\/wp\/v2\/media?parent=17066"}],"wp:term":[{"taxonomy":"product_brand","embeddable":true,"href":"https:\/\/alaaelabasy.com\/en\/wp-json\/wp\/v2\/product_brand?post=17066"},{"taxonomy":"product_cat","embeddable":true,"href":"https:\/\/alaaelabasy.com\/en\/wp-json\/wp\/v2\/product_cat?post=17066"},{"taxonomy":"product_tag","embeddable":true,"href":"https:\/\/alaaelabasy.com\/en\/wp-json\/wp\/v2\/product_tag?post=17066"}],"curies":[{"name":"wp","href":"https:\/\/api.w.org\/{rel}","templated":true}]}}