{"id":17050,"date":"2025-02-09T12:40:14","date_gmt":"2025-02-09T09:40:14","guid":{"rendered":"https:\/\/alaaelabasy.com\/?post_type=product&#038;p=17050"},"modified":"2025-04-16T13:49:04","modified_gmt":"2025-04-16T10:49:04","slug":"cadence","status":"publish","type":"product","link":"https:\/\/alaaelabasy.com\/en\/magaza\/cadence\/","title":{"rendered":"Cadence"},"content":{"rendered":"<p>10 gram. Alt\u0131n Kaplama G\u00fcm\u00fc\u015f.<\/p>\n<p>Bak\u0131m: Krem, Parf\u00fcm, Alkol, \u00c7ama\u015f\u0131r Suyu, \u015eampuan, Deniz Suyu Gibi Maddeler \u0130le Temas\u0131ndan Ka\u00e7\u0131n\u0131lmal\u0131d\u0131r<\/p>","protected":false},"excerpt":{"rendered":"<p>10 gram. Alt\u0131n Kaplama G\u00fcm\u00fc\u015f. Bak\u0131m: Krem, Parf\u00fcm, Alkol, \u00c7ama\u015f\u0131r Suyu, \u015eampuan, Deniz Suyu Gibi Maddeler \u0130le Temas\u0131ndan Ka\u00e7\u0131n\u0131lmal\u0131d\u0131r<\/p>","protected":false},"featured_media":17051,"comment_status":"open","ping_status":"closed","template":"","meta":[],"product_brand":[],"product_cat":[20],"product_tag":[],"class_list":{"0":"post-17050","1":"product","2":"type-product","3":"status-publish","4":"has-post-thumbnail","6":"product_cat-kupe","8":"first","9":"instock","10":"taxable","11":"shipping-taxable","12":"purchasable","13":"product-type-simple"},"_links":{"self":[{"href":"https:\/\/alaaelabasy.com\/en\/wp-json\/wp\/v2\/product\/17050","targetHints":{"allow":["GET"]}}],"collection":[{"href":"https:\/\/alaaelabasy.com\/en\/wp-json\/wp\/v2\/product"}],"about":[{"href":"https:\/\/alaaelabasy.com\/en\/wp-json\/wp\/v2\/types\/product"}],"replies":[{"embeddable":true,"href":"https:\/\/alaaelabasy.com\/en\/wp-json\/wp\/v2\/comments?post=17050"}],"version-history":[{"count":1,"href":"https:\/\/alaaelabasy.com\/en\/wp-json\/wp\/v2\/product\/17050\/revisions"}],"predecessor-version":[{"id":17053,"href":"https:\/\/alaaelabasy.com\/en\/wp-json\/wp\/v2\/product\/17050\/revisions\/17053"}],"wp:featuredmedia":[{"embeddable":true,"href":"https:\/\/alaaelabasy.com\/en\/wp-json\/wp\/v2\/media\/17051"}],"wp:attachment":[{"href":"https:\/\/alaaelabasy.com\/en\/wp-json\/wp\/v2\/media?parent=17050"}],"wp:term":[{"taxonomy":"product_brand","embeddable":true,"href":"https:\/\/alaaelabasy.com\/en\/wp-json\/wp\/v2\/product_brand?post=17050"},{"taxonomy":"product_cat","embeddable":true,"href":"https:\/\/alaaelabasy.com\/en\/wp-json\/wp\/v2\/product_cat?post=17050"},{"taxonomy":"product_tag","embeddable":true,"href":"https:\/\/alaaelabasy.com\/en\/wp-json\/wp\/v2\/product_tag?post=17050"}],"curies":[{"name":"wp","href":"https:\/\/api.w.org\/{rel}","templated":true}]}}