{"id":16704,"date":"2024-04-22T16:46:54","date_gmt":"2024-04-22T13:46:54","guid":{"rendered":"https:\/\/alaaelabasy.com\/?post_type=product&#038;p=16704"},"modified":"2025-10-19T18:29:28","modified_gmt":"2025-10-19T15:29:28","slug":"the-knot-altin-kaplama-kadin-gumus-kupe","status":"publish","type":"product","link":"https:\/\/alaaelabasy.com\/en\/magaza\/the-knot-altin-kaplama-kadin-gumus-kupe\/","title":{"rendered":"The Knot"},"content":{"rendered":"<div data-elementor-type=\"wp-post\" data-elementor-id=\"16704\" class=\"elementor elementor-16704\">\n\t\t\t\t<div class=\"wd-negative-gap elementor-element elementor-element-14e92cf e-flex e-con-boxed e-con e-parent\" data-id=\"14e92cf\" data-element_type=\"container\" data-e-type=\"container\">\n\t\t\t\t\t<div class=\"e-con-inner\">\n\t\t\t\t<div class=\"elementor-element elementor-element-2137d49 elementor-hidden-mobile elementor-widget elementor-widget-wd_text_block\" data-id=\"2137d49\" data-element_type=\"widget\" data-e-type=\"widget\" data-widget_type=\"wd_text_block.default\">\n\t\t\t\t<div class=\"elementor-widget-container\">\n\t\t\t\t\t\t\t<div class=\"wd-text-block reset-last-child text-left\">\n\t\t\t\n\t\t\t<p>Alt\u0131n Kaplama G\u00fcm\u00fc\u015f, 3.85 gram<\/p><p>\u0130stanbul\u2019da yap\u0131ld\u0131<\/p><p>Renk Spektrumu: Sar\u0131, Turuncu, Ye\u015fil<\/p><p>Jewelry Care: Contact with substances such as cream, perfume, alcohol, bleach, shampoo, and sea water should be avoided.<\/p>\n\t\t\t\t\t<\/div>\n\t\t\t\t\t\t<\/div>\n\t\t\t\t<\/div>\n\t\t\t\t\t<\/div>\n\t\t\t\t<\/div>\n\t\t\t\t<\/div>","protected":false},"excerpt":{"rendered":"<p>Alt\u0131n Kaplama G\u00fcm\u00fc\u015f, 3.85 gram \u0130stanbul\u2019da yap\u0131ld\u0131 Renk Spektrumu: Sar\u0131, Turuncu, Ye\u015fil Bak\u0131m: Krem, Parf\u00fcm, Alkol, \u00c7ama\u015f\u0131r Suyu, \u015eampuan, Deniz<\/p>","protected":false},"featured_media":16898,"comment_status":"open","ping_status":"closed","template":"","meta":[],"product_brand":[],"product_cat":[20],"product_tag":[],"class_list":{"0":"post-16704","1":"product","2":"type-product","3":"status-publish","4":"has-post-thumbnail","6":"product_cat-kupe","8":"first","9":"instock","10":"taxable","11":"shipping-taxable","12":"purchasable","13":"product-type-simple"},"_links":{"self":[{"href":"https:\/\/alaaelabasy.com\/en\/wp-json\/wp\/v2\/product\/16704","targetHints":{"allow":["GET"]}}],"collection":[{"href":"https:\/\/alaaelabasy.com\/en\/wp-json\/wp\/v2\/product"}],"about":[{"href":"https:\/\/alaaelabasy.com\/en\/wp-json\/wp\/v2\/types\/product"}],"replies":[{"embeddable":true,"href":"https:\/\/alaaelabasy.com\/en\/wp-json\/wp\/v2\/comments?post=16704"}],"version-history":[{"count":13,"href":"https:\/\/alaaelabasy.com\/en\/wp-json\/wp\/v2\/product\/16704\/revisions"}],"predecessor-version":[{"id":17074,"href":"https:\/\/alaaelabasy.com\/en\/wp-json\/wp\/v2\/product\/16704\/revisions\/17074"}],"wp:featuredmedia":[{"embeddable":true,"href":"https:\/\/alaaelabasy.com\/en\/wp-json\/wp\/v2\/media\/16898"}],"wp:attachment":[{"href":"https:\/\/alaaelabasy.com\/en\/wp-json\/wp\/v2\/media?parent=16704"}],"wp:term":[{"taxonomy":"product_brand","embeddable":true,"href":"https:\/\/alaaelabasy.com\/en\/wp-json\/wp\/v2\/product_brand?post=16704"},{"taxonomy":"product_cat","embeddable":true,"href":"https:\/\/alaaelabasy.com\/en\/wp-json\/wp\/v2\/product_cat?post=16704"},{"taxonomy":"product_tag","embeddable":true,"href":"https:\/\/alaaelabasy.com\/en\/wp-json\/wp\/v2\/product_tag?post=16704"}],"curies":[{"name":"wp","href":"https:\/\/api.w.org\/{rel}","templated":true}]}}