{"id":16684,"date":"2024-04-22T14:54:50","date_gmt":"2024-04-22T11:54:50","guid":{"rendered":"https:\/\/alaaelabasy.com\/?post_type=product&#038;p=16684"},"modified":"2025-10-19T18:23:05","modified_gmt":"2025-10-19T15:23:05","slug":"the-walts-altin-kaplama-kadin-gumus-kupe","status":"publish","type":"product","link":"https:\/\/alaaelabasy.com\/en\/magaza\/the-walts-altin-kaplama-kadin-gumus-kupe\/","title":{"rendered":"The Waltz"},"content":{"rendered":"<div data-elementor-type=\"wp-post\" data-elementor-id=\"16684\" class=\"elementor elementor-16684\">\n\t\t\t\t<div class=\"wd-negative-gap elementor-element elementor-element-45a9c92 e-flex e-con-boxed e-con e-parent\" data-id=\"45a9c92\" data-element_type=\"container\" data-e-type=\"container\">\n\t\t\t\t\t<div class=\"e-con-inner\">\n\t\t\t\t<div class=\"elementor-element elementor-element-6dfd1b1 elementor-hidden-mobile elementor-widget elementor-widget-wd_text_block\" data-id=\"6dfd1b1\" data-element_type=\"widget\" data-e-type=\"widget\" data-widget_type=\"wd_text_block.default\">\n\t\t\t\t<div class=\"elementor-widget-container\">\n\t\t\t\t\t\t\t<div class=\"wd-text-block reset-last-child text-left\">\n\t\t\t\n\t\t\t<p>Alt\u0131n Kaplama G\u00fcm\u00fc\u015f, 16,23 gram<\/p><p>Material: Gold Plated Silver<\/p><p>\u0130stanbul\u2019da yap\u0131ld\u0131<\/p><p>Jewelry Care: Contact with substances such as cream, perfume, alcohol, bleach, shampoo, and sea water should be avoided.<\/p>\n\t\t\t\t\t<\/div>\n\t\t\t\t\t\t<\/div>\n\t\t\t\t<\/div>\n\t\t\t\t\t<\/div>\n\t\t\t\t<\/div>\n\t\t\t\t<\/div>","protected":false},"excerpt":{"rendered":"<p>Alt\u0131n Kaplama G\u00fcm\u00fc\u015f, 16,23 gram Malzeme: Alt\u0131n Kaplama G\u00fcm\u00fc\u015f \u0130stanbul\u2019da yap\u0131ld\u0131 Bak\u0131m: Krem, Parf\u00fcm, Alkol, \u00c7ama\u015f\u0131r Suyu, \u015eampuan, Deniz Suyu<\/p>","protected":false},"featured_media":16901,"comment_status":"open","ping_status":"closed","template":"","meta":[],"product_brand":[],"product_cat":[20],"product_tag":[],"class_list":{"0":"post-16684","1":"product","2":"type-product","3":"status-publish","4":"has-post-thumbnail","6":"product_cat-kupe","8":"first","9":"instock","10":"taxable","11":"shipping-taxable","12":"purchasable","13":"product-type-simple"},"_links":{"self":[{"href":"https:\/\/alaaelabasy.com\/en\/wp-json\/wp\/v2\/product\/16684","targetHints":{"allow":["GET"]}}],"collection":[{"href":"https:\/\/alaaelabasy.com\/en\/wp-json\/wp\/v2\/product"}],"about":[{"href":"https:\/\/alaaelabasy.com\/en\/wp-json\/wp\/v2\/types\/product"}],"replies":[{"embeddable":true,"href":"https:\/\/alaaelabasy.com\/en\/wp-json\/wp\/v2\/comments?post=16684"}],"version-history":[{"count":11,"href":"https:\/\/alaaelabasy.com\/en\/wp-json\/wp\/v2\/product\/16684\/revisions"}],"predecessor-version":[{"id":17077,"href":"https:\/\/alaaelabasy.com\/en\/wp-json\/wp\/v2\/product\/16684\/revisions\/17077"}],"wp:featuredmedia":[{"embeddable":true,"href":"https:\/\/alaaelabasy.com\/en\/wp-json\/wp\/v2\/media\/16901"}],"wp:attachment":[{"href":"https:\/\/alaaelabasy.com\/en\/wp-json\/wp\/v2\/media?parent=16684"}],"wp:term":[{"taxonomy":"product_brand","embeddable":true,"href":"https:\/\/alaaelabasy.com\/en\/wp-json\/wp\/v2\/product_brand?post=16684"},{"taxonomy":"product_cat","embeddable":true,"href":"https:\/\/alaaelabasy.com\/en\/wp-json\/wp\/v2\/product_cat?post=16684"},{"taxonomy":"product_tag","embeddable":true,"href":"https:\/\/alaaelabasy.com\/en\/wp-json\/wp\/v2\/product_tag?post=16684"}],"curies":[{"name":"wp","href":"https:\/\/api.w.org\/{rel}","templated":true}]}}