{"id":16654,"date":"2024-04-22T14:23:37","date_gmt":"2024-04-22T11:23:37","guid":{"rendered":"https:\/\/alaaelabasy.com\/?post_type=product&#038;p=16654"},"modified":"2025-10-19T18:25:40","modified_gmt":"2025-10-19T15:25:40","slug":"the-flame-altin-kaplama-kadin-gumus-kupe","status":"publish","type":"product","link":"https:\/\/alaaelabasy.com\/en\/magaza\/the-flame-altin-kaplama-kadin-gumus-kupe\/","title":{"rendered":"The Flame"},"content":{"rendered":"<div data-elementor-type=\"wp-post\" data-elementor-id=\"16654\" class=\"elementor elementor-16654\">\n\t\t\t\t<div class=\"wd-negative-gap elementor-element elementor-element-6a55c0fb e-flex e-con-boxed e-con e-parent\" data-id=\"6a55c0fb\" data-element_type=\"container\" data-e-type=\"container\">\n\t\t\t\t\t<div class=\"e-con-inner\">\n\t\t\t\t<div class=\"elementor-element elementor-element-42d87006 color-scheme-inherit text-left elementor-widget elementor-widget-text-editor\" data-id=\"42d87006\" data-element_type=\"widget\" data-e-type=\"widget\" data-widget_type=\"text-editor.default\">\n\t\t\t\t<div class=\"elementor-widget-container\">\n\t\t\t\t\t\t\t\t\t<p>Alt\u0131n Kaplama G\u00fcm\u00fc\u015f, 10.83 gram<\/p><p>\u0130stanbul\u2019da yap\u0131ld\u0131<\/p><p>Renk Spektrumu: Sar\u0131, K\u0131rm\u0131z\u0131<\/p><p>Jewelry Care: Contact with substances such as cream, perfume, alcohol, bleach, shampoo, and sea water should be avoided.<\/p>\t\t\t\t\t\t\t\t<\/div>\n\t\t\t\t<\/div>\n\t\t\t\t\t<\/div>\n\t\t\t\t<\/div>\n\t\t\t\t<\/div>","protected":false},"excerpt":{"rendered":"<p>Alt\u0131n Kaplama G\u00fcm\u00fc\u015f, 10.83 gram \u0130stanbul\u2019da yap\u0131ld\u0131 Renk Spektrumu: Sar\u0131, K\u0131rm\u0131z\u0131 Bak\u0131m: Krem, Parf\u00fcm, Alkol, \u00c7ama\u015f\u0131r Suyu, \u015eampuan, Deniz Suyu<\/p>","protected":false},"featured_media":16902,"comment_status":"open","ping_status":"closed","template":"","meta":[],"product_brand":[],"product_cat":[20],"product_tag":[],"class_list":{"0":"post-16654","1":"product","2":"type-product","3":"status-publish","4":"has-post-thumbnail","6":"product_cat-kupe","8":"first","9":"instock","10":"taxable","11":"shipping-taxable","12":"purchasable","13":"product-type-simple"},"_links":{"self":[{"href":"https:\/\/alaaelabasy.com\/en\/wp-json\/wp\/v2\/product\/16654","targetHints":{"allow":["GET"]}}],"collection":[{"href":"https:\/\/alaaelabasy.com\/en\/wp-json\/wp\/v2\/product"}],"about":[{"href":"https:\/\/alaaelabasy.com\/en\/wp-json\/wp\/v2\/types\/product"}],"replies":[{"embeddable":true,"href":"https:\/\/alaaelabasy.com\/en\/wp-json\/wp\/v2\/comments?post=16654"}],"version-history":[{"count":16,"href":"https:\/\/alaaelabasy.com\/en\/wp-json\/wp\/v2\/product\/16654\/revisions"}],"predecessor-version":[{"id":17078,"href":"https:\/\/alaaelabasy.com\/en\/wp-json\/wp\/v2\/product\/16654\/revisions\/17078"}],"wp:featuredmedia":[{"embeddable":true,"href":"https:\/\/alaaelabasy.com\/en\/wp-json\/wp\/v2\/media\/16902"}],"wp:attachment":[{"href":"https:\/\/alaaelabasy.com\/en\/wp-json\/wp\/v2\/media?parent=16654"}],"wp:term":[{"taxonomy":"product_brand","embeddable":true,"href":"https:\/\/alaaelabasy.com\/en\/wp-json\/wp\/v2\/product_brand?post=16654"},{"taxonomy":"product_cat","embeddable":true,"href":"https:\/\/alaaelabasy.com\/en\/wp-json\/wp\/v2\/product_cat?post=16654"},{"taxonomy":"product_tag","embeddable":true,"href":"https:\/\/alaaelabasy.com\/en\/wp-json\/wp\/v2\/product_tag?post=16654"}],"curies":[{"name":"wp","href":"https:\/\/api.w.org\/{rel}","templated":true}]}}