{"id":16275,"date":"2023-11-13T15:59:12","date_gmt":"2023-11-13T12:59:12","guid":{"rendered":"https:\/\/alaaelabasy.com\/?post_type=product&#038;p=16275"},"modified":"2025-02-09T13:10:58","modified_gmt":"2025-02-09T10:10:58","slug":"icarus-altin-kaplama-kadin-gumus-kolye","status":"publish","type":"product","link":"https:\/\/alaaelabasy.com\/en\/magaza\/icarus-altin-kaplama-kadin-gumus-kolye\/","title":{"rendered":"Icarus"},"content":{"rendered":"<p>Material: Gold Plated Silver with Enamel<\/p>\n<p>Stone: Pearl<\/p>\n<p>Made in \u0130stanbul<\/p>\n<p>Color Spectrum: Blue, Rose Gold, Pearl White<\/p>\n<p>Jewelry Care: Contact with substances such as cream, perfume, alcohol, bleach, shampoo, and sea water should be avoided.<\/p>","protected":false},"excerpt":{"rendered":"<p>Malzeme: Emaye ile Alt\u0131n Kaplama G\u00fcm\u00fc\u015f Ta\u015f: \u0130nci \u0130stanbul&#8217;da yap\u0131ld\u0131 Renk Spektrumu: Mavi, G\u00fcl Alt\u0131n, \u0130nci Beyaz\u0131 Bak\u0131m: Krem, Parf\u00fcm,<\/p>","protected":false},"featured_media":16277,"comment_status":"open","ping_status":"closed","template":"","meta":[],"product_brand":[],"product_cat":[28],"product_tag":[],"class_list":{"0":"post-16275","1":"product","2":"type-product","3":"status-publish","4":"has-post-thumbnail","6":"product_cat-kolye","7":"pa_renk-beyaz","8":"pa_renk-gold","9":"pa_renk-mavi","11":"first","12":"outofstock","13":"taxable","14":"shipping-taxable","15":"purchasable","16":"product-type-simple"},"_links":{"self":[{"href":"https:\/\/alaaelabasy.com\/en\/wp-json\/wp\/v2\/product\/16275","targetHints":{"allow":["GET"]}}],"collection":[{"href":"https:\/\/alaaelabasy.com\/en\/wp-json\/wp\/v2\/product"}],"about":[{"href":"https:\/\/alaaelabasy.com\/en\/wp-json\/wp\/v2\/types\/product"}],"replies":[{"embeddable":true,"href":"https:\/\/alaaelabasy.com\/en\/wp-json\/wp\/v2\/comments?post=16275"}],"version-history":[{"count":2,"href":"https:\/\/alaaelabasy.com\/en\/wp-json\/wp\/v2\/product\/16275\/revisions"}],"predecessor-version":[{"id":17081,"href":"https:\/\/alaaelabasy.com\/en\/wp-json\/wp\/v2\/product\/16275\/revisions\/17081"}],"wp:featuredmedia":[{"embeddable":true,"href":"https:\/\/alaaelabasy.com\/en\/wp-json\/wp\/v2\/media\/16277"}],"wp:attachment":[{"href":"https:\/\/alaaelabasy.com\/en\/wp-json\/wp\/v2\/media?parent=16275"}],"wp:term":[{"taxonomy":"product_brand","embeddable":true,"href":"https:\/\/alaaelabasy.com\/en\/wp-json\/wp\/v2\/product_brand?post=16275"},{"taxonomy":"product_cat","embeddable":true,"href":"https:\/\/alaaelabasy.com\/en\/wp-json\/wp\/v2\/product_cat?post=16275"},{"taxonomy":"product_tag","embeddable":true,"href":"https:\/\/alaaelabasy.com\/en\/wp-json\/wp\/v2\/product_tag?post=16275"}],"curies":[{"name":"wp","href":"https:\/\/api.w.org\/{rel}","templated":true}]}}