{"id":15764,"date":"2023-11-09T11:19:47","date_gmt":"2023-11-09T08:19:47","guid":{"rendered":"http:\/\/alaaelabasy.com\/?post_type=product&#038;p=15764"},"modified":"2025-10-19T18:28:34","modified_gmt":"2025-10-19T15:28:34","slug":"oasis-altin-kaplama-kadin-gumus-kupe","status":"publish","type":"product","link":"https:\/\/alaaelabasy.com\/en\/magaza\/oasis-altin-kaplama-kadin-gumus-kupe\/","title":{"rendered":"Oasis"},"content":{"rendered":"<p>Gold Plated Silver, 20.56 grams<\/p>\n<p>Material: Gold Plated Silver<\/p>\n<p>Made in \u0130stanbul<\/p>\n<p>Color Spectrum: Pearl White, Blue, Green<\/p>\n<p>Jewelry Care: Contact with substances such as cream, perfume, alcohol, bleach, shampoo, and sea water should be avoided.<\/p>","protected":false},"excerpt":{"rendered":"<p>Alt\u0131n Kaplama G\u00fcm\u00fc\u015f, 20,56 gram Malzeme: Alt\u0131n Kaplama G\u00fcm\u00fc\u015f \u0130stanbul&#8217;da yap\u0131ld\u0131 Renk Spektrumu: \u0130nci Beyaz\u0131, Mavi, Ye\u015fil Bak\u0131m: Krem, Parf\u00fcm,<\/p>","protected":false},"featured_media":16907,"comment_status":"closed","ping_status":"closed","template":"","meta":[],"product_brand":[],"product_cat":[20],"product_tag":[],"class_list":{"0":"post-15764","1":"product","2":"type-product","3":"status-publish","4":"has-post-thumbnail","6":"product_cat-kupe","7":"pa_renk-cok-renkli","8":"pa_renk-gold","10":"first","11":"instock","12":"taxable","13":"shipping-taxable","14":"purchasable","15":"product-type-simple"},"_links":{"self":[{"href":"https:\/\/alaaelabasy.com\/en\/wp-json\/wp\/v2\/product\/15764","targetHints":{"allow":["GET"]}}],"collection":[{"href":"https:\/\/alaaelabasy.com\/en\/wp-json\/wp\/v2\/product"}],"about":[{"href":"https:\/\/alaaelabasy.com\/en\/wp-json\/wp\/v2\/types\/product"}],"replies":[{"embeddable":true,"href":"https:\/\/alaaelabasy.com\/en\/wp-json\/wp\/v2\/comments?post=15764"}],"version-history":[{"count":2,"href":"https:\/\/alaaelabasy.com\/en\/wp-json\/wp\/v2\/product\/15764\/revisions"}],"predecessor-version":[{"id":17087,"href":"https:\/\/alaaelabasy.com\/en\/wp-json\/wp\/v2\/product\/15764\/revisions\/17087"}],"wp:featuredmedia":[{"embeddable":true,"href":"https:\/\/alaaelabasy.com\/en\/wp-json\/wp\/v2\/media\/16907"}],"wp:attachment":[{"href":"https:\/\/alaaelabasy.com\/en\/wp-json\/wp\/v2\/media?parent=15764"}],"wp:term":[{"taxonomy":"product_brand","embeddable":true,"href":"https:\/\/alaaelabasy.com\/en\/wp-json\/wp\/v2\/product_brand?post=15764"},{"taxonomy":"product_cat","embeddable":true,"href":"https:\/\/alaaelabasy.com\/en\/wp-json\/wp\/v2\/product_cat?post=15764"},{"taxonomy":"product_tag","embeddable":true,"href":"https:\/\/alaaelabasy.com\/en\/wp-json\/wp\/v2\/product_tag?post=15764"}],"curies":[{"name":"wp","href":"https:\/\/api.w.org\/{rel}","templated":true}]}}