{"id":15753,"date":"2023-11-09T10:34:43","date_gmt":"2023-11-09T07:34:43","guid":{"rendered":"http:\/\/alaaelabasy.com\/?post_type=product&#038;p=15753"},"modified":"2025-02-09T13:13:31","modified_gmt":"2025-02-09T10:13:31","slug":"epsilon-altin-kaplama-kadin-gumus-kupe","status":"publish","type":"product","link":"https:\/\/alaaelabasy.com\/en\/magaza\/epsilon-altin-kaplama-kadin-gumus-kupe\/","title":{"rendered":"Epsilon"},"content":{"rendered":"<p>Material: Gold Plated Silver with Enamel<\/p>\n<p>Made in \u0130stanbul<\/p>\n<p>Color Spectrum: Azure Blue<\/p>\n<p>Jewelry Care: Contact with substances such as cream, perfume, alcohol, bleach, shampoo, and sea water should be avoided.<\/p>","protected":false},"excerpt":{"rendered":"<p>Malzeme: Emaye ile Alt\u0131n Kaplama G\u00fcm\u00fc\u015f \u0130stanbul&#8217;da yap\u0131ld\u0131 Renk Spektrumu: Azure Mavi Bak\u0131m: Krem, Parf\u00fcm, Alkol, \u00c7ama\u015f\u0131r Suyu, \u015eampuan, Deniz<\/p>","protected":false},"featured_media":15688,"comment_status":"closed","ping_status":"closed","template":"","meta":[],"product_brand":[],"product_cat":[20],"product_tag":[],"class_list":{"0":"post-15753","1":"product","2":"type-product","3":"status-publish","4":"has-post-thumbnail","6":"product_cat-kupe","7":"pa_renk-gold","8":"pa_renk-rose","10":"first","11":"outofstock","12":"taxable","13":"shipping-taxable","14":"purchasable","15":"product-type-simple"},"_links":{"self":[{"href":"https:\/\/alaaelabasy.com\/en\/wp-json\/wp\/v2\/product\/15753","targetHints":{"allow":["GET"]}}],"collection":[{"href":"https:\/\/alaaelabasy.com\/en\/wp-json\/wp\/v2\/product"}],"about":[{"href":"https:\/\/alaaelabasy.com\/en\/wp-json\/wp\/v2\/types\/product"}],"replies":[{"embeddable":true,"href":"https:\/\/alaaelabasy.com\/en\/wp-json\/wp\/v2\/comments?post=15753"}],"version-history":[{"count":2,"href":"https:\/\/alaaelabasy.com\/en\/wp-json\/wp\/v2\/product\/15753\/revisions"}],"predecessor-version":[{"id":17091,"href":"https:\/\/alaaelabasy.com\/en\/wp-json\/wp\/v2\/product\/15753\/revisions\/17091"}],"wp:featuredmedia":[{"embeddable":true,"href":"https:\/\/alaaelabasy.com\/en\/wp-json\/wp\/v2\/media\/15688"}],"wp:attachment":[{"href":"https:\/\/alaaelabasy.com\/en\/wp-json\/wp\/v2\/media?parent=15753"}],"wp:term":[{"taxonomy":"product_brand","embeddable":true,"href":"https:\/\/alaaelabasy.com\/en\/wp-json\/wp\/v2\/product_brand?post=15753"},{"taxonomy":"product_cat","embeddable":true,"href":"https:\/\/alaaelabasy.com\/en\/wp-json\/wp\/v2\/product_cat?post=15753"},{"taxonomy":"product_tag","embeddable":true,"href":"https:\/\/alaaelabasy.com\/en\/wp-json\/wp\/v2\/product_tag?post=15753"}],"curies":[{"name":"wp","href":"https:\/\/api.w.org\/{rel}","templated":true}]}}