{"id":15751,"date":"2023-11-09T10:35:21","date_gmt":"2023-11-09T07:35:21","guid":{"rendered":"http:\/\/alaaelabasy.com\/?post_type=product&#038;p=15751"},"modified":"2026-04-14T15:12:28","modified_gmt":"2026-04-14T12:12:28","slug":"sirius-altin-kaplama-gumus-kupe","status":"publish","type":"product","link":"https:\/\/alaaelabasy.com\/en\/magaza\/sirius-altin-kaplama-gumus-kupe\/","title":{"rendered":"Sirius"},"content":{"rendered":"<p>Gold Plated Silver, 9.75 grams<\/p>\n<p>Material: Gold Plated Silver<\/p>\n<p>Made in \u0130stanbul<\/p>\n<p>Color Spectrum: Gold<\/p>\n<p>Jewelry Care: Contact with substances such as cream, perfume, alcohol, bleach, shampoo, and sea water should be avoided.<\/p>","protected":false},"excerpt":{"rendered":"<p>Alt\u0131n Kaplama G\u00fcm\u00fc\u015f, 9,75 gram Malzeme: Alt\u0131n Kaplama G\u00fcm\u00fc\u015f \u0130stanbul&#8217;da yap\u0131ld\u0131 Renk Spektrumu: Alt\u0131n Bak\u0131m: Krem, Parf\u00fcm, Alkol, \u00c7ama\u015f\u0131r Suyu,<\/p>","protected":false},"featured_media":15733,"comment_status":"closed","ping_status":"closed","template":"","meta":[],"product_brand":[],"product_cat":[20],"product_tag":[],"class_list":{"0":"post-15751","1":"product","2":"type-product","3":"status-publish","4":"has-post-thumbnail","6":"product_cat-kupe","7":"pa_renk-beyaz","8":"pa_renk-gold","9":"pa_renk-mavi","11":"first","12":"outofstock","13":"taxable","14":"shipping-taxable","15":"purchasable","16":"product-type-simple"},"_links":{"self":[{"href":"https:\/\/alaaelabasy.com\/en\/wp-json\/wp\/v2\/product\/15751","targetHints":{"allow":["GET"]}}],"collection":[{"href":"https:\/\/alaaelabasy.com\/en\/wp-json\/wp\/v2\/product"}],"about":[{"href":"https:\/\/alaaelabasy.com\/en\/wp-json\/wp\/v2\/types\/product"}],"replies":[{"embeddable":true,"href":"https:\/\/alaaelabasy.com\/en\/wp-json\/wp\/v2\/comments?post=15751"}],"version-history":[{"count":2,"href":"https:\/\/alaaelabasy.com\/en\/wp-json\/wp\/v2\/product\/15751\/revisions"}],"predecessor-version":[{"id":17090,"href":"https:\/\/alaaelabasy.com\/en\/wp-json\/wp\/v2\/product\/15751\/revisions\/17090"}],"wp:featuredmedia":[{"embeddable":true,"href":"https:\/\/alaaelabasy.com\/en\/wp-json\/wp\/v2\/media\/15733"}],"wp:attachment":[{"href":"https:\/\/alaaelabasy.com\/en\/wp-json\/wp\/v2\/media?parent=15751"}],"wp:term":[{"taxonomy":"product_brand","embeddable":true,"href":"https:\/\/alaaelabasy.com\/en\/wp-json\/wp\/v2\/product_brand?post=15751"},{"taxonomy":"product_cat","embeddable":true,"href":"https:\/\/alaaelabasy.com\/en\/wp-json\/wp\/v2\/product_cat?post=15751"},{"taxonomy":"product_tag","embeddable":true,"href":"https:\/\/alaaelabasy.com\/en\/wp-json\/wp\/v2\/product_tag?post=15751"}],"curies":[{"name":"wp","href":"https:\/\/api.w.org\/{rel}","templated":true}]}}