{"id":15748,"date":"2023-11-09T10:31:09","date_gmt":"2023-11-09T07:31:09","guid":{"rendered":"http:\/\/alaaelabasy.com\/?post_type=product&#038;p=15748"},"modified":"2025-04-16T13:33:08","modified_gmt":"2025-04-16T10:33:08","slug":"eos-altin-kaplama-gumus-kupe","status":"publish","type":"product","link":"https:\/\/alaaelabasy.com\/en\/magaza\/eos-altin-kaplama-gumus-kupe\/","title":{"rendered":"Eos"},"content":{"rendered":"<p>Gold Plated Silver, 17.97 grams<\/p>\n<p>Material: Gold Plated Silver<\/p>\n<p>Made in \u0130stanbul<\/p>\n<p>Color Spectrum: Gold<\/p>\n<p>Jewelry Care: Contact with substances such as cream, perfume, alcohol, bleach, shampoo, and sea water should be avoided.<\/p>","protected":false},"excerpt":{"rendered":"<p>Alt\u0131n Kaplama G\u00fcm\u00fc\u015f, 17,97 gram Malzeme: Alt\u0131n Kaplama G\u00fcm\u00fc\u015f \u0130stanbul&#8217;da yap\u0131ld\u0131 Renk Spektrumu: Alt\u0131n Bak\u0131m: Krem, Parf\u00fcm, Alkol, \u00c7ama\u015f\u0131r Suyu,<\/p>","protected":false},"featured_media":15686,"comment_status":"closed","ping_status":"closed","template":"","meta":[],"product_brand":[],"product_cat":[20],"product_tag":[],"class_list":{"0":"post-15748","1":"product","2":"type-product","3":"status-publish","4":"has-post-thumbnail","6":"product_cat-kupe","7":"pa_renk-beyaz","8":"pa_renk-gold","10":"first","11":"instock","12":"taxable","13":"shipping-taxable","14":"purchasable","15":"product-type-simple"},"_links":{"self":[{"href":"https:\/\/alaaelabasy.com\/en\/wp-json\/wp\/v2\/product\/15748","targetHints":{"allow":["GET"]}}],"collection":[{"href":"https:\/\/alaaelabasy.com\/en\/wp-json\/wp\/v2\/product"}],"about":[{"href":"https:\/\/alaaelabasy.com\/en\/wp-json\/wp\/v2\/types\/product"}],"replies":[{"embeddable":true,"href":"https:\/\/alaaelabasy.com\/en\/wp-json\/wp\/v2\/comments?post=15748"}],"version-history":[{"count":2,"href":"https:\/\/alaaelabasy.com\/en\/wp-json\/wp\/v2\/product\/15748\/revisions"}],"predecessor-version":[{"id":17092,"href":"https:\/\/alaaelabasy.com\/en\/wp-json\/wp\/v2\/product\/15748\/revisions\/17092"}],"wp:featuredmedia":[{"embeddable":true,"href":"https:\/\/alaaelabasy.com\/en\/wp-json\/wp\/v2\/media\/15686"}],"wp:attachment":[{"href":"https:\/\/alaaelabasy.com\/en\/wp-json\/wp\/v2\/media?parent=15748"}],"wp:term":[{"taxonomy":"product_brand","embeddable":true,"href":"https:\/\/alaaelabasy.com\/en\/wp-json\/wp\/v2\/product_brand?post=15748"},{"taxonomy":"product_cat","embeddable":true,"href":"https:\/\/alaaelabasy.com\/en\/wp-json\/wp\/v2\/product_cat?post=15748"},{"taxonomy":"product_tag","embeddable":true,"href":"https:\/\/alaaelabasy.com\/en\/wp-json\/wp\/v2\/product_tag?post=15748"}],"curies":[{"name":"wp","href":"https:\/\/api.w.org\/{rel}","templated":true}]}}