{"id":15677,"date":"2023-11-09T10:00:36","date_gmt":"2023-11-09T07:00:36","guid":{"rendered":"http:\/\/alaaelabasy.com\/?post_type=product&#038;p=15677"},"modified":"2025-11-20T16:48:13","modified_gmt":"2025-11-20T13:48:13","slug":"daphne-lacivert-tas-detayli-altin-kaplama-kadin-gumus-kupe","status":"publish","type":"product","link":"https:\/\/alaaelabasy.com\/en\/magaza\/daphne-lacivert-tas-detayli-altin-kaplama-kadin-gumus-kupe\/","title":{"rendered":"Daphne"},"content":{"rendered":"<p>Gold Plated Silver, 16.87 grams<\/p>\n<p>Stone: Crystal<\/p>\n<p>Made in \u0130stanbul<\/p>\n<p>Color Spectrum: Crystal Gray, White, Midnight Blue<\/p>\n<p>Jewelry Care: Contact with substances such as cream, perfume, alcohol, bleach, shampoo, and sea water should be avoided.<\/p>","protected":false},"excerpt":{"rendered":"<p>Alt\u0131n Kaplama G\u00fcm\u00fc\u015f, 16,87 gram Ta\u015f: Kristal \u0130stanbul&#8217;da yap\u0131ld\u0131 Renk Spektrumu: Kristal Gri, Beyaz, Gece Mavisi Bak\u0131m: Krem, Parf\u00fcm, Alkol,<\/p>","protected":false},"featured_media":16911,"comment_status":"closed","ping_status":"closed","template":"","meta":[],"product_brand":[],"product_cat":[20],"product_tag":[],"class_list":{"0":"post-15677","1":"product","2":"type-product","3":"status-publish","4":"has-post-thumbnail","6":"product_cat-kupe","7":"pa_renk-beyaz","8":"pa_renk-gold","9":"pa_renk-lacivert","11":"first","12":"outofstock","13":"taxable","14":"shipping-taxable","15":"purchasable","16":"product-type-simple"},"_links":{"self":[{"href":"https:\/\/alaaelabasy.com\/en\/wp-json\/wp\/v2\/product\/15677","targetHints":{"allow":["GET"]}}],"collection":[{"href":"https:\/\/alaaelabasy.com\/en\/wp-json\/wp\/v2\/product"}],"about":[{"href":"https:\/\/alaaelabasy.com\/en\/wp-json\/wp\/v2\/types\/product"}],"replies":[{"embeddable":true,"href":"https:\/\/alaaelabasy.com\/en\/wp-json\/wp\/v2\/comments?post=15677"}],"version-history":[{"count":3,"href":"https:\/\/alaaelabasy.com\/en\/wp-json\/wp\/v2\/product\/15677\/revisions"}],"predecessor-version":[{"id":17095,"href":"https:\/\/alaaelabasy.com\/en\/wp-json\/wp\/v2\/product\/15677\/revisions\/17095"}],"wp:featuredmedia":[{"embeddable":true,"href":"https:\/\/alaaelabasy.com\/en\/wp-json\/wp\/v2\/media\/16911"}],"wp:attachment":[{"href":"https:\/\/alaaelabasy.com\/en\/wp-json\/wp\/v2\/media?parent=15677"}],"wp:term":[{"taxonomy":"product_brand","embeddable":true,"href":"https:\/\/alaaelabasy.com\/en\/wp-json\/wp\/v2\/product_brand?post=15677"},{"taxonomy":"product_cat","embeddable":true,"href":"https:\/\/alaaelabasy.com\/en\/wp-json\/wp\/v2\/product_cat?post=15677"},{"taxonomy":"product_tag","embeddable":true,"href":"https:\/\/alaaelabasy.com\/en\/wp-json\/wp\/v2\/product_tag?post=15677"}],"curies":[{"name":"wp","href":"https:\/\/api.w.org\/{rel}","templated":true}]}}