{"id":15668,"date":"2023-11-08T22:56:58","date_gmt":"2023-11-08T19:56:58","guid":{"rendered":"http:\/\/alaaelabasy.com\/?post_type=product&#038;p=15668"},"modified":"2025-10-19T18:26:29","modified_gmt":"2025-10-19T15:26:29","slug":"carthage-altin-kaplama-kadin-gumus-kupe","status":"publish","type":"product","link":"https:\/\/alaaelabasy.com\/en\/magaza\/carthage-altin-kaplama-kadin-gumus-kupe\/","title":{"rendered":"Carthage"},"content":{"rendered":"<p>Gold Plated Silver, 10.59 grams<\/p>\n<p>Material: Gold Plated Silver<\/p>\n<p>Stone: Crystal<\/p>\n<p>Made in \u0130stanbul<\/p>\n<p>Color Spectrum: Navy Blue, Crystal White<\/p>\n<p>Jewelry Care: Contact with substances such as cream, perfume, alcohol, bleach, shampoo, and sea water should be avoided.<\/p>","protected":false},"excerpt":{"rendered":"<p>Alt\u0131n Kaplama G\u00fcm\u00fc\u015f, 10,59 gram Malzeme: Alt\u0131n Kaplama G\u00fcm\u00fc\u015f Ta\u015f: Kristal \u0130stanbul&#8217;da yap\u0131ld\u0131 Renk Spektrumu: Lacivert, Kristal Beyaz Bak\u0131m: Krem,<\/p>","protected":false},"featured_media":15666,"comment_status":"closed","ping_status":"closed","template":"","meta":[],"product_brand":[],"product_cat":[20],"product_tag":[],"class_list":{"0":"post-15668","1":"product","2":"type-product","3":"status-publish","4":"has-post-thumbnail","6":"product_cat-kupe","7":"pa_renk-beyaz","8":"pa_renk-gold","9":"pa_renk-lacivert","11":"first","12":"instock","13":"taxable","14":"shipping-taxable","15":"purchasable","16":"product-type-simple"},"_links":{"self":[{"href":"https:\/\/alaaelabasy.com\/en\/wp-json\/wp\/v2\/product\/15668","targetHints":{"allow":["GET"]}}],"collection":[{"href":"https:\/\/alaaelabasy.com\/en\/wp-json\/wp\/v2\/product"}],"about":[{"href":"https:\/\/alaaelabasy.com\/en\/wp-json\/wp\/v2\/types\/product"}],"replies":[{"embeddable":true,"href":"https:\/\/alaaelabasy.com\/en\/wp-json\/wp\/v2\/comments?post=15668"}],"version-history":[{"count":3,"href":"https:\/\/alaaelabasy.com\/en\/wp-json\/wp\/v2\/product\/15668\/revisions"}],"predecessor-version":[{"id":17096,"href":"https:\/\/alaaelabasy.com\/en\/wp-json\/wp\/v2\/product\/15668\/revisions\/17096"}],"wp:featuredmedia":[{"embeddable":true,"href":"https:\/\/alaaelabasy.com\/en\/wp-json\/wp\/v2\/media\/15666"}],"wp:attachment":[{"href":"https:\/\/alaaelabasy.com\/en\/wp-json\/wp\/v2\/media?parent=15668"}],"wp:term":[{"taxonomy":"product_brand","embeddable":true,"href":"https:\/\/alaaelabasy.com\/en\/wp-json\/wp\/v2\/product_brand?post=15668"},{"taxonomy":"product_cat","embeddable":true,"href":"https:\/\/alaaelabasy.com\/en\/wp-json\/wp\/v2\/product_cat?post=15668"},{"taxonomy":"product_tag","embeddable":true,"href":"https:\/\/alaaelabasy.com\/en\/wp-json\/wp\/v2\/product_tag?post=15668"}],"curies":[{"name":"wp","href":"https:\/\/api.w.org\/{rel}","templated":true}]}}