{"id":15623,"date":"2023-11-08T21:47:38","date_gmt":"2023-11-08T18:47:38","guid":{"rendered":"http:\/\/alaaelabasy.com\/?post_type=product&#038;p=15623"},"modified":"2025-10-19T18:31:36","modified_gmt":"2025-10-19T15:31:36","slug":"aurora-altin-kaplama-gumus-kupe","status":"publish","type":"product","link":"https:\/\/alaaelabasy.com\/en\/magaza\/aurora-altin-kaplama-gumus-kupe\/","title":{"rendered":"Aurora"},"content":{"rendered":"<p>Alt\u0131n Kaplama G\u00fcm\u00fc\u015f, 5 gram<\/p>\n<p>Material: Gold Plated Silver<\/p>\n<p>Made in \u0130stanbul<\/p>\n<p>Color Spectrum: Gold<\/p>\n<p>Jewelry Care: Contact with substances such as cream, perfume, alcohol, bleach, shampoo, and sea water should be avoided.<\/p>","protected":false},"excerpt":{"rendered":"<p>Alt\u0131n Kaplama G\u00fcm\u00fc\u015f, 5 gram Malzeme: Alt\u0131n Kaplama G\u00fcm\u00fc\u015f \u0130stanbul&#8217;da yap\u0131ld\u0131 Renk Spektrumu: Alt\u0131n Bak\u0131m: Krem, Parf\u00fcm, Alkol, \u00c7ama\u015f\u0131r Suyu,<\/p>","protected":false},"featured_media":15624,"comment_status":"closed","ping_status":"closed","template":"","meta":[],"product_brand":[],"product_cat":[20],"product_tag":[],"class_list":{"0":"post-15623","1":"product","2":"type-product","3":"status-publish","4":"has-post-thumbnail","6":"product_cat-kupe","7":"pa_renk-cok-renkli","8":"pa_renk-gold","10":"first","11":"instock","12":"taxable","13":"shipping-taxable","14":"purchasable","15":"product-type-simple"},"_links":{"self":[{"href":"https:\/\/alaaelabasy.com\/en\/wp-json\/wp\/v2\/product\/15623","targetHints":{"allow":["GET"]}}],"collection":[{"href":"https:\/\/alaaelabasy.com\/en\/wp-json\/wp\/v2\/product"}],"about":[{"href":"https:\/\/alaaelabasy.com\/en\/wp-json\/wp\/v2\/types\/product"}],"replies":[{"embeddable":true,"href":"https:\/\/alaaelabasy.com\/en\/wp-json\/wp\/v2\/comments?post=15623"}],"version-history":[{"count":2,"href":"https:\/\/alaaelabasy.com\/en\/wp-json\/wp\/v2\/product\/15623\/revisions"}],"predecessor-version":[{"id":17099,"href":"https:\/\/alaaelabasy.com\/en\/wp-json\/wp\/v2\/product\/15623\/revisions\/17099"}],"wp:featuredmedia":[{"embeddable":true,"href":"https:\/\/alaaelabasy.com\/en\/wp-json\/wp\/v2\/media\/15624"}],"wp:attachment":[{"href":"https:\/\/alaaelabasy.com\/en\/wp-json\/wp\/v2\/media?parent=15623"}],"wp:term":[{"taxonomy":"product_brand","embeddable":true,"href":"https:\/\/alaaelabasy.com\/en\/wp-json\/wp\/v2\/product_brand?post=15623"},{"taxonomy":"product_cat","embeddable":true,"href":"https:\/\/alaaelabasy.com\/en\/wp-json\/wp\/v2\/product_cat?post=15623"},{"taxonomy":"product_tag","embeddable":true,"href":"https:\/\/alaaelabasy.com\/en\/wp-json\/wp\/v2\/product_tag?post=15623"}],"curies":[{"name":"wp","href":"https:\/\/api.w.org\/{rel}","templated":true}]}}